{"id":2641,"date":"2021-01-15T12:53:26","date_gmt":"2021-01-15T12:53:26","guid":{"rendered":"https:\/\/galdrasyning.is\/?page_id=2641"},"modified":"2021-06-13T21:18:34","modified_gmt":"2021-06-13T21:18:34","slug":"galdrasagan","status":"publish","type":"page","link":"https:\/\/galdrasyning.is\/en\/galdrasagan\/","title":{"rendered":"Witch-hunts in Iceland +"},"content":{"rendered":"<div data-elementor-type=\"wp-page\" data-elementor-id=\"2641\" class=\"elementor elementor-2641\">\n\t\t\t\t\t\t<section class=\"elementor-section elementor-top-section elementor-element elementor-element-c0223c8 elementor-section-boxed elementor-section-height-default elementor-section-height-default\" data-id=\"c0223c8\" data-element_type=\"section\" data-e-type=\"section\" data-no-translation=\"\">\n\t\t\t\t\t\t<div class=\"elementor-container elementor-column-gap-default\">\n\t\t\t\t\t<div class=\"elementor-column elementor-col-100 elementor-top-column elementor-element elementor-element-b5e8c91\" data-id=\"b5e8c91\" data-element_type=\"column\" data-e-type=\"column\">\n\t\t\t<div class=\"elementor-widget-wrap elementor-element-populated\">\n\t\t\t\t\t\t<div class=\"elementor-element elementor-element-51a8e24 elementor-hidden-phone elementor-widget elementor-widget-text-editor\" data-id=\"51a8e24\" data-element_type=\"widget\" data-e-type=\"widget\" data-widget_type=\"text-editor.default\">\n\t\t\t\t<div class=\"elementor-widget-container\">\n\t\t\t\t\t\t\t\t\t<p><span style=\"font-weight: 400;\">Between 1625 and 1683 twenty one Icelanders were burnt alive for practicing magic. The Icelandic witch-craze was imported from Europe by members of a ruling class of semi-nobles who were to a large extent educated in Denmark and northern Germany. <\/span><\/p>\n<p>\u00a0<\/p>\n<p><span style=\"font-weight: 400;\">One extended family of landowners, primarily in the northwest of the country, supplied the majority of the sheriffs presiding over the court cases for witchcraft and a large portion of the clergy, among them priests who wrote treatises against magic, heavily influenced by European works such as the Malleus Maleficarum.<\/span><\/p>\n<p>\u00a0<\/p>\n<p><span style=\"font-weight: 400;\">The European influence is not as obvious when the charges in witchcraft cases are reviewed. Contemporary sources, mainly annals and court records, tell us that a third of the charges were for causing sickness in persons and livestock, and another third for possessing grimoires or pages with \u201cgaldrastafir\u201d, i.e. magical signs or staves. Heresy and satanism are hardly mentioned at all. Another striking difference between the European and Icelandic witch-hunts is that only one woman was among those burnt at the stake.<\/span><\/p>\n<p>\u00a0<\/p>\n<p><span style=\"font-weight: 400;\">Around 130 cases of witchcraft or sorcery are found in court records both from the high court at \u00deingvellir and in fragments of county court records. Of the approximately 170 persons accused, around 10% were women, the rest were males, mostly of the lower classes though some sheriffs and clergymen were also accused. None of the latter suffered physical punishments. It must be remembered in this context that the total population of Iceland at the time was only around fifty thousand.<\/span><\/p>\n<p>\u00a0<\/p>\n<p><span style=\"font-weight: 400;\">Apart from the charges mentioned above, people were accused of waking up the dead, using magic to heal, and about a tenth of cases mention blasphemy though seldom as the only accusation. A quarter of cases ended with a sentence of whipping which could mean anything from a half a dozen lashes to three consecutive whippings, all of them as heavy as a man could endure and still stay alive. A quarter of those accused were acquitted, at least 15% managed to escape the law, and we do not know the outcome of another 15% of cases. There is no evidence that physical torture was ever used in Iceland to secure confessions.<\/span><\/p>\t\t\t\t\t\t\t\t<\/div>\n\t\t\t\t<\/div>\n\t\t\t\t<div class=\"elementor-element elementor-element-ecab671 elementor-hidden-desktop elementor-hidden-tablet elementor-widget elementor-widget-text-editor\" data-id=\"ecab671\" data-element_type=\"widget\" data-e-type=\"widget\" data-widget_type=\"text-editor.default\">\n\t\t\t\t<div class=\"elementor-widget-container\">\n\t\t\t\t\t\t\t\t\t<p><span style=\"font-weight: 400;\">Between 1625 and 1683 twenty one Icelanders were burnt alive for practicing magic. The Icelandic witch-craze was imported from Europe by members of a ruling class of semi-nobles who were to a large extent educated in Denmark and northern Germany. <\/span><\/p>\n<p>\u00a0<\/p>\n<p><span style=\"font-weight: 400;\">One extended family of landowners, primarily in the northwest of the country, supplied the majority of the sheriffs presiding over the court cases for witchcraft and a large portion of the clergy, among them priests who wrote treatises against magic, heavily influenced by European works such as the Malleus Maleficarum.<\/span><\/p>\n<p>\u00a0<\/p>\n<p><span style=\"font-weight: 400;\">The European influence is not as obvious when the charges in witchcraft cases are reviewed. Contemporary sources, mainly annals and court records, tell us that a third of the charges were for causing sickness in persons and livestock, and another third for possessing grimoires or pages with \u201cgaldrastafir\u201d, i.e. magical signs or staves. Heresy and satanism are hardly mentioned at all. Another striking difference between the European and Icelandic witch-hunts is that only one woman was among those burnt at the stake.<\/span><\/p>\n<p>\u00a0<\/p>\n<p><span style=\"font-weight: 400;\">Around 130 cases of witchcraft or sorcery are found in court records both from the high court at \u00deingvellir and in fragments of county court records. Of the approximately 170 persons accused, around 10% were women, the rest were males, mostly of the lower classes though some sheriffs and clergymen were also accused. None of the latter suffered physical punishments. It must be remembered in this context that the total population of Iceland at the time was only around fifty thousand.<\/span><\/p>\n<p>\u00a0<\/p>\n<p><span style=\"font-weight: 400;\">Apart from the charges mentioned above, people were accused of waking up the dead, using magic to heal, and about a tenth of cases mention blasphemy though seldom as the only accusation. A quarter of cases ended with a sentence of whipping which could mean anything from a half a dozen lashes to three consecutive whippings, all of them as heavy as a man could endure and still stay alive. A quarter of those accused were acquitted, at least 15% managed to escape the law, and we do not know the outcome of another 15% of cases. There is no evidence that physical torture was ever used in Iceland to secure confessions.<\/span><\/p>\t\t\t\t\t\t\t\t<\/div>\n\t\t\t\t<\/div>\n\t\t\t\t\t<\/div>\n\t\t<\/div>\n\t\t\t\t\t<\/div>\n\t\t<\/section>\n\t\t\t\t<section class=\"elementor-section elementor-top-section elementor-element elementor-element-aacf718 elementor-section-boxed elementor-section-height-default elementor-section-height-default\" data-id=\"aacf718\" data-element_type=\"section\" data-e-type=\"section\">\n\t\t\t\t\t\t<div class=\"elementor-container elementor-column-gap-default\">\n\t\t\t\t\t<div class=\"elementor-column elementor-col-50 elementor-top-column elementor-element elementor-element-90e7b72\" data-id=\"90e7b72\" data-element_type=\"column\" data-e-type=\"column\">\n\t\t\t<div class=\"elementor-widget-wrap elementor-element-populated\">\n\t\t\t\t\t\t<div class=\"elementor-element elementor-element-38ce122 elementor-widget elementor-widget-text-editor\" data-id=\"38ce122\" data-element_type=\"widget\" data-e-type=\"widget\" data-widget_type=\"text-editor.default\">\n\t\t\t\t<div class=\"elementor-widget-container\">\n\t\t\t\t\t\t\t\t\t<p>\u00a0<a style=\"font-size: 18px; background-color: #ffffff;\" href=\"https:\/\/galdrasyning.is\/en\/annalar\/\" target=\"_blank\" rel=\"noopener\"><u>Historical context<\/u><\/a><\/p><p>\u00a0<a style=\"font-size: 18px; background-color: #ffffff;\" href=\"https:\/\/galdrasyning.is\/en\/galdramal-og-galdrabrennur\/\" target=\"_blank\" rel=\"noopener\"><u>Early court cases<\/u><\/a><\/p><p>\u00a0<a style=\"font-size: 18px; background-color: #ffffff;\" href=\"https:\/\/galdrasyning.is\/en\/onnur-liflat-2\/\" target=\"_blank\" rel=\"noopener\"><u>The executed<\/u><\/a><\/p><p>\u00a0<a style=\"font-size: 18px; background-color: #ffffff;\" href=\"https:\/\/galdrasyning.is\/en\/sogupersonur-17-aldar\/\" target=\"_blank\" rel=\"noopener\"><u>Other victims<\/u><\/a><\/p><p>\u00a0<a style=\"font-size: 18px; background-color: #ffffff;\" href=\"https:\/\/galdrasyning.is\/en\/klemus-bjarnason\/\" target=\"_blank\" rel=\"noopener\"><u>Klemus Bjarnason<\/u><\/a><\/p>\t\t\t\t\t\t\t\t<\/div>\n\t\t\t\t<\/div>\n\t\t\t\t\t<\/div>\n\t\t<\/div>\n\t\t\t\t<div class=\"elementor-column elementor-col-50 elementor-top-column elementor-element elementor-element-b897050\" data-id=\"b897050\" data-element_type=\"column\" data-e-type=\"column\">\n\t\t\t<div class=\"elementor-widget-wrap elementor-element-populated\">\n\t\t\t\t\t\t<div class=\"elementor-element elementor-element-3973d06 animated-slow elementor-invisible elementor-widget elementor-widget-image\" data-id=\"3973d06\" data-element_type=\"widget\" data-e-type=\"widget\" data-settings=\"{&quot;_animation&quot;:&quot;fadeInUp&quot;}\" data-widget_type=\"image.default\">\n\t\t\t\t<div class=\"elementor-widget-container\">\n\t\t\t\t\t\t\t\t\t\t\t\t\t\t\t<img decoding=\"async\" width=\"200\" height=\"246\" src=\"https:\/\/galdrasyning.is\/wp-content\/uploads\/2021\/02\/Rodukross_Olafskonungs.jpg\" class=\"attachment-large size-large wp-image-4652\" alt=\"\" srcset=\"https:\/\/galdrasyning.is\/wp-content\/uploads\/2021\/02\/Rodukross_Olafskonungs.jpg 200w, https:\/\/galdrasyning.is\/wp-content\/uploads\/2021\/02\/Rodukross_Olafskonungs-10x12.jpg 10w\" sizes=\"(max-width: 200px) 100vw, 200px\" \/>\t\t\t\t\t\t\t\t\t\t\t\t\t\t\t<\/div>\n\t\t\t\t<\/div>\n\t\t\t\t\t<\/div>\n\t\t<\/div>\n\t\t\t\t\t<\/div>\n\t\t<\/section>\n\t\t\t\t<\/div>","protected":false},"excerpt":{"rendered":"<p>&#8222;Tuttugu og einn \u00cdslendingur var brenndur fyrir galdra, \u00fear \u00e1 me\u00f0al ein kona. Vi\u00f0 \u00feessa t\u00f6lu m\u00e6tti b\u00e6ta fj\u00f3rum aft\u00f6kum \u00fear sem galdur tengdist m\u00e1li e\u00f0a g\u00e6ti hafa gert \u00fea\u00f0. Fj\u00f3r\u00f0ungur \u00feeirra sem \u00e1k\u00e6r\u00f0ir voru \u00e1 \u00cdslandi voru h\u00fdddir og um \u00fea\u00f0 bil jafn st\u00f3r hluti var s\u00fdkna\u00f0ur. F\u00e1einir hlutu \u00fatleg\u00f0ard\u00f3ma og um \u00fea\u00f0 bil [&hellip;]<\/p>\n","protected":false},"author":4,"featured_media":0,"parent":0,"menu_order":0,"comment_status":"closed","ping_status":"closed","template":"elementor_theme","meta":{"_monsterinsights_skip_tracking":false,"_monsterinsights_sitenote_active":false,"_monsterinsights_sitenote_note":"","_monsterinsights_sitenote_category":0,"ocean_post_layout":"","ocean_both_sidebars_style":"","ocean_both_sidebars_content_width":0,"ocean_both_sidebars_sidebars_width":0,"ocean_sidebar":"0","ocean_second_sidebar":"0","ocean_disable_margins":"enable","ocean_add_body_class":"","ocean_shortcode_before_top_bar":"","ocean_shortcode_after_top_bar":"","ocean_shortcode_before_header":"","ocean_shortcode_after_header":"","ocean_has_shortcode":"","ocean_shortcode_after_title":"","ocean_shortcode_before_footer_widgets":"","ocean_shortcode_after_footer_widgets":"","ocean_shortcode_before_footer_bottom":"","ocean_shortcode_after_footer_bottom":"","ocean_display_top_bar":"default","ocean_display_header":"default","ocean_header_style":"","ocean_center_header_left_menu":"0","ocean_custom_header_template":"0","ocean_custom_logo":0,"ocean_custom_retina_logo":0,"ocean_custom_logo_max_width":0,"ocean_custom_logo_tablet_max_width":0,"ocean_custom_logo_mobile_max_width":0,"ocean_custom_logo_max_height":0,"ocean_custom_logo_tablet_max_height":0,"ocean_custom_logo_mobile_max_height":0,"ocean_header_custom_menu":"0","ocean_menu_typo_font_family":"0","ocean_menu_typo_font_subset":"","ocean_menu_typo_font_size":0,"ocean_menu_typo_font_size_tablet":0,"ocean_menu_typo_font_size_mobile":0,"ocean_menu_typo_font_size_unit":"px","ocean_menu_typo_font_weight":"","ocean_menu_typo_font_weight_tablet":"","ocean_menu_typo_font_weight_mobile":"","ocean_menu_typo_transform":"","ocean_menu_typo_transform_tablet":"","ocean_menu_typo_transform_mobile":"","ocean_menu_typo_line_height":0,"ocean_menu_typo_line_height_tablet":0,"ocean_menu_typo_line_height_mobile":0,"ocean_menu_typo_line_height_unit":"","ocean_menu_typo_spacing":0,"ocean_menu_typo_spacing_tablet":0,"ocean_menu_typo_spacing_mobile":0,"ocean_menu_typo_spacing_unit":"","ocean_menu_link_color":"","ocean_menu_link_color_hover":"","ocean_menu_link_color_active":"","ocean_menu_link_background":"","ocean_menu_link_hover_background":"","ocean_menu_link_active_background":"","ocean_menu_social_links_bg":"","ocean_menu_social_hover_links_bg":"","ocean_menu_social_links_color":"","ocean_menu_social_hover_links_color":"","ocean_disable_title":"default","ocean_disable_heading":"default","ocean_post_title":"","ocean_post_subheading":"","ocean_post_title_style":"","ocean_post_title_background_color":"","ocean_post_title_background":0,"ocean_post_title_bg_image_position":"","ocean_post_title_bg_image_attachment":"","ocean_post_title_bg_image_repeat":"","ocean_post_title_bg_image_size":"","ocean_post_title_height":0,"ocean_post_title_bg_overlay":0.5,"ocean_post_title_bg_overlay_color":"","ocean_disable_breadcrumbs":"default","ocean_breadcrumbs_color":"","ocean_breadcrumbs_separator_color":"","ocean_breadcrumbs_links_color":"","ocean_breadcrumbs_links_hover_color":"","ocean_display_footer_widgets":"default","ocean_display_footer_bottom":"default","ocean_custom_footer_template":"0","footnotes":""},"class_list":["post-2641","page","type-page","status-publish","hentry","entry"],"_links":{"self":[{"href":"https:\/\/galdrasyning.is\/en\/wp-json\/wp\/v2\/pages\/2641","targetHints":{"allow":["GET"]}}],"collection":[{"href":"https:\/\/galdrasyning.is\/en\/wp-json\/wp\/v2\/pages"}],"about":[{"href":"https:\/\/galdrasyning.is\/en\/wp-json\/wp\/v2\/types\/page"}],"author":[{"embeddable":true,"href":"https:\/\/galdrasyning.is\/en\/wp-json\/wp\/v2\/users\/4"}],"replies":[{"embeddable":true,"href":"https:\/\/galdrasyning.is\/en\/wp-json\/wp\/v2\/comments?post=2641"}],"version-history":[{"count":100,"href":"https:\/\/galdrasyning.is\/en\/wp-json\/wp\/v2\/pages\/2641\/revisions"}],"predecessor-version":[{"id":11458,"href":"https:\/\/galdrasyning.is\/en\/wp-json\/wp\/v2\/pages\/2641\/revisions\/11458"}],"wp:attachment":[{"href":"https:\/\/galdrasyning.is\/en\/wp-json\/wp\/v2\/media?parent=2641"}],"curies":[{"name":"wp","href":"https:\/\/api.w.org\/{rel}","templated":true}]}}