{"id":2646,"date":"2021-01-15T12:54:40","date_gmt":"2021-01-15T12:54:40","guid":{"rendered":"https:\/\/galdrasyning.is\/?page_id=2646"},"modified":"2021-06-18T19:28:44","modified_gmt":"2021-06-18T19:28:44","slug":"galdrar","status":"publish","type":"page","link":"https:\/\/galdrasyning.is\/en\/galdrar\/","title":{"rendered":"Icelandic sorcery &amp; magic +"},"content":{"rendered":"<div data-elementor-type=\"wp-page\" data-elementor-id=\"2646\" class=\"elementor elementor-2646\">\n\t\t\t\t\t\t<section class=\"elementor-section elementor-top-section elementor-element elementor-element-422c8773 elementor-section-boxed elementor-section-height-default elementor-section-height-default\" data-id=\"422c8773\" data-element_type=\"section\" data-e-type=\"section\">\n\t\t\t\t\t\t<div class=\"elementor-container elementor-column-gap-default\">\n\t\t\t\t\t<div class=\"elementor-column elementor-col-100 elementor-top-column elementor-element elementor-element-5fd5666c\" data-id=\"5fd5666c\" data-element_type=\"column\" data-e-type=\"column\">\n\t\t\t<div class=\"elementor-widget-wrap elementor-element-populated\">\n\t\t\t\t\t\t<div class=\"elementor-element elementor-element-184ff243 elementor-widget elementor-widget-testimonial\" data-id=\"184ff243\" data-element_type=\"widget\" data-e-type=\"widget\" data-widget_type=\"testimonial.default\">\n\t\t\t\t<div class=\"elementor-widget-container\">\n\t\t\t\t\t\t\t<div class=\"elementor-testimonial-wrapper\">\n\t\t\t\t\t\t\t<div class=\"elementor-testimonial-content\">\"The grass of Freyja is used to ward off thieves. First let it lie in water for three nights, then put it under your head and sleep on it, and then you will see the person who has stolen from you.\"<\/div>\n\t\t\t\n\t\t\t\t\t<\/div>\n\t\t\t\t\t\t<\/div>\n\t\t\t\t<\/div>\n\t\t\t\t\t<\/div>\n\t\t<\/div>\n\t\t\t\t\t<\/div>\n\t\t<\/section>\n\t\t\t\t<section class=\"elementor-section elementor-top-section elementor-element elementor-element-fa30676 elementor-section-boxed elementor-section-height-default elementor-section-height-default\" data-id=\"fa30676\" data-element_type=\"section\" data-e-type=\"section\">\n\t\t\t\t\t\t<div class=\"elementor-container elementor-column-gap-default\">\n\t\t\t\t\t<div class=\"elementor-column elementor-col-33 elementor-top-column elementor-element elementor-element-f214a4a\" data-id=\"f214a4a\" data-element_type=\"column\" data-e-type=\"column\">\n\t\t\t<div class=\"elementor-widget-wrap elementor-element-populated\">\n\t\t\t\t\t\t<div class=\"elementor-element elementor-element-692f3d2 elementor-widget elementor-widget-text-editor\" data-id=\"692f3d2\" data-element_type=\"widget\" data-e-type=\"widget\" data-widget_type=\"text-editor.default\">\n\t\t\t\t<div class=\"elementor-widget-container\">\n\t\t\t\t\t\t\t\t\t<p><span style=\"text-decoration: underline;\"><a href=\"https:\/\/galdrasyning.is\/en\/galdrasogur\/\">Stories of Magic<\/a><\/span><\/p><p><a style=\"font-size: 18px; background-color: #ffffff;\" href=\"https:\/\/galdrasyning.is\/en\/galdrastafir\/\" target=\"_blank\" rel=\"noopener\"><u>Magical Staves<\/u><\/a><\/p><p><a style=\"font-size: 18px; background-color: #ffffff;\" href=\"https:\/\/galdrasyning.is\/en\/galdrasteinar\/\" target=\"_blank\" rel=\"noopener\"><u>Famous cases<\/u><\/a><\/p><p><a style=\"font-size: 18px; background-color: #ffffff;\" href=\"https:\/\/galdrasyning.is\/en\/galdrajurtir\/\" target=\"_blank\" rel=\"noopener\"><u>Strandir<\/u><\/a><\/p><p><a style=\"font-size: 18px; background-color: #ffffff;\" href=\"https:\/\/galdrasyning.is\/en\/galdraskraedur\/\" target=\"_blank\" rel=\"noopener\"><u>Grimoires<\/u><\/a><\/p>\t\t\t\t\t\t\t\t<\/div>\n\t\t\t\t<\/div>\n\t\t\t\t\t<\/div>\n\t\t<\/div>\n\t\t\t\t<div class=\"elementor-column elementor-col-66 elementor-top-column elementor-element elementor-element-0fa19e0\" data-id=\"0fa19e0\" data-element_type=\"column\" data-e-type=\"column\">\n\t\t\t<div class=\"elementor-widget-wrap elementor-element-populated\">\n\t\t\t\t\t\t<div class=\"elementor-element elementor-element-e0585c6 elementor-widget elementor-widget-image\" data-id=\"e0585c6\" data-element_type=\"widget\" data-e-type=\"widget\" data-widget_type=\"image.default\">\n\t\t\t\t<div class=\"elementor-widget-container\">\n\t\t\t\t\t\t\t\t\t\t\t\t\t\t\t<img fetchpriority=\"high\" decoding=\"async\" width=\"1024\" height=\"683\" src=\"https:\/\/galdrasyning.is\/wp-content\/uploads\/2021\/01\/rsz_museum26-1024x683.jpg\" class=\"attachment-large size-large wp-image-3400\" alt=\"grimoire\" srcset=\"https:\/\/galdrasyning.is\/wp-content\/uploads\/2021\/01\/rsz_museum26-1024x683.jpg 1024w, https:\/\/galdrasyning.is\/wp-content\/uploads\/2021\/01\/rsz_museum26-300x200.jpg 300w, https:\/\/galdrasyning.is\/wp-content\/uploads\/2021\/01\/rsz_museum26-768x512.jpg 768w, https:\/\/galdrasyning.is\/wp-content\/uploads\/2021\/01\/rsz_museum26-16x12.jpg 16w, https:\/\/galdrasyning.is\/wp-content\/uploads\/2021\/01\/rsz_museum26.jpg 1404w\" sizes=\"(max-width: 1024px) 100vw, 1024px\" \/>\t\t\t\t\t\t\t\t\t\t\t\t\t\t\t<\/div>\n\t\t\t\t<\/div>\n\t\t\t\t\t<\/div>\n\t\t<\/div>\n\t\t\t\t\t<\/div>\n\t\t<\/section>\n\t\t\t\t<section class=\"elementor-section elementor-top-section elementor-element elementor-element-2d5d02f elementor-section-boxed elementor-section-height-default elementor-section-height-default\" data-id=\"2d5d02f\" data-element_type=\"section\" data-e-type=\"section\">\n\t\t\t\t\t\t<div class=\"elementor-container elementor-column-gap-default\">\n\t\t\t\t\t<div class=\"elementor-column elementor-col-100 elementor-top-column elementor-element elementor-element-780bc0f\" data-id=\"780bc0f\" data-element_type=\"column\" data-e-type=\"column\">\n\t\t\t<div class=\"elementor-widget-wrap elementor-element-populated\">\n\t\t\t\t\t\t<div class=\"elementor-element elementor-element-15af988 elementor-widget elementor-widget-spacer\" data-id=\"15af988\" data-element_type=\"widget\" data-e-type=\"widget\" data-widget_type=\"spacer.default\">\n\t\t\t\t<div class=\"elementor-widget-container\">\n\t\t\t\t\t\t\t<div class=\"elementor-spacer\">\n\t\t\t<div class=\"elementor-spacer-inner\"><\/div>\n\t\t<\/div>\n\t\t\t\t\t\t<\/div>\n\t\t\t\t<\/div>\n\t\t\t\t\t<\/div>\n\t\t<\/div>\n\t\t\t\t\t<\/div>\n\t\t<\/section>\n\t\t\t\t<section class=\"elementor-section elementor-top-section elementor-element elementor-element-0f264b4 elementor-section-boxed elementor-section-height-default elementor-section-height-default\" data-id=\"0f264b4\" data-element_type=\"section\" data-e-type=\"section\">\n\t\t\t\t\t\t<div class=\"elementor-container elementor-column-gap-default\">\n\t\t\t\t\t<div class=\"elementor-column elementor-col-100 elementor-top-column elementor-element elementor-element-d0f4ebd\" data-id=\"d0f4ebd\" data-element_type=\"column\" data-e-type=\"column\">\n\t\t\t<div class=\"elementor-widget-wrap elementor-element-populated\">\n\t\t\t\t\t\t<div class=\"elementor-element elementor-element-ac1c54e animated-slow elementor-invisible elementor-widget elementor-widget-image\" data-id=\"ac1c54e\" data-element_type=\"widget\" data-e-type=\"widget\" data-settings=\"{&quot;_animation&quot;:&quot;fadeIn&quot;}\" data-widget_type=\"image.default\">\n\t\t\t\t<div class=\"elementor-widget-container\">\n\t\t\t\t\t\t\t\t\t\t\t\t\t\t\t<img decoding=\"async\" width=\"150\" height=\"138\" src=\"https:\/\/galdrasyning.is\/wp-content\/uploads\/2021\/02\/glimugaldrar2.jpg\" class=\"attachment-large size-large wp-image-4635\" alt=\"\" srcset=\"https:\/\/galdrasyning.is\/wp-content\/uploads\/2021\/02\/glimugaldrar2.jpg 150w, https:\/\/galdrasyning.is\/wp-content\/uploads\/2021\/02\/glimugaldrar2-13x12.jpg 13w\" sizes=\"(max-width: 150px) 100vw, 150px\" \/>\t\t\t\t\t\t\t\t\t\t\t\t\t\t\t<\/div>\n\t\t\t\t<\/div>\n\t\t\t\t\t<\/div>\n\t\t<\/div>\n\t\t\t\t\t<\/div>\n\t\t<\/section>\n\t\t\t\t<\/div>","protected":false},"excerpt":{"rendered":"<p>&#8222;Freyjugras er haft til a\u00f0 koma upp um \u00fej\u00f3fa. Fyrst skal l\u00e1ta \u00fea\u00f0 liggja \u00ferj\u00e1r n\u00e6tur \u00ed vatni, leggja s\u00ed\u00f0an undir h\u00f6fu\u00f0 s\u00e9r og sofa \u00e1 og mun ma\u00f0ur \u00fe\u00e1 sj\u00e1 \u00feann er stoli\u00f0 hefur.&#8220; Galdras\u00f6gur Galdrastafir Galdrasteinar Galdrajurtir Galdraskr\u00e6\u00f0ur<\/p>","protected":false},"author":4,"featured_media":0,"parent":0,"menu_order":0,"comment_status":"closed","ping_status":"closed","template":"elementor_theme","meta":{"_monsterinsights_skip_tracking":false,"_monsterinsights_sitenote_active":false,"_monsterinsights_sitenote_note":"","_monsterinsights_sitenote_category":0,"ocean_post_layout":"","ocean_both_sidebars_style":"","ocean_both_sidebars_content_width":0,"ocean_both_sidebars_sidebars_width":0,"ocean_sidebar":"0","ocean_second_sidebar":"0","ocean_disable_margins":"enable","ocean_add_body_class":"","ocean_shortcode_before_top_bar":"","ocean_shortcode_after_top_bar":"","ocean_shortcode_before_header":"","ocean_shortcode_after_header":"","ocean_has_shortcode":"","ocean_shortcode_after_title":"","ocean_shortcode_before_footer_widgets":"","ocean_shortcode_after_footer_widgets":"","ocean_shortcode_before_footer_bottom":"","ocean_shortcode_after_footer_bottom":"","ocean_display_top_bar":"default","ocean_display_header":"default","ocean_header_style":"","ocean_center_header_left_menu":"0","ocean_custom_header_template":"0","ocean_custom_logo":0,"ocean_custom_retina_logo":0,"ocean_custom_logo_max_width":0,"ocean_custom_logo_tablet_max_width":0,"ocean_custom_logo_mobile_max_width":0,"ocean_custom_logo_max_height":0,"ocean_custom_logo_tablet_max_height":0,"ocean_custom_logo_mobile_max_height":0,"ocean_header_custom_menu":"0","ocean_menu_typo_font_family":"0","ocean_menu_typo_font_subset":"","ocean_menu_typo_font_size":0,"ocean_menu_typo_font_size_tablet":0,"ocean_menu_typo_font_size_mobile":0,"ocean_menu_typo_font_size_unit":"px","ocean_menu_typo_font_weight":"","ocean_menu_typo_font_weight_tablet":"","ocean_menu_typo_font_weight_mobile":"","ocean_menu_typo_transform":"","ocean_menu_typo_transform_tablet":"","ocean_menu_typo_transform_mobile":"","ocean_menu_typo_line_height":0,"ocean_menu_typo_line_height_tablet":0,"ocean_menu_typo_line_height_mobile":0,"ocean_menu_typo_line_height_unit":"","ocean_menu_typo_spacing":0,"ocean_menu_typo_spacing_tablet":0,"ocean_menu_typo_spacing_mobile":0,"ocean_menu_typo_spacing_unit":"","ocean_menu_link_color":"","ocean_menu_link_color_hover":"","ocean_menu_link_color_active":"","ocean_menu_link_background":"","ocean_menu_link_hover_background":"","ocean_menu_link_active_background":"","ocean_menu_social_links_bg":"","ocean_menu_social_hover_links_bg":"","ocean_menu_social_links_color":"","ocean_menu_social_hover_links_color":"","ocean_disable_title":"default","ocean_disable_heading":"default","ocean_post_title":"","ocean_post_subheading":"","ocean_post_title_style":"","ocean_post_title_background_color":"","ocean_post_title_background":0,"ocean_post_title_bg_image_position":"","ocean_post_title_bg_image_attachment":"","ocean_post_title_bg_image_repeat":"","ocean_post_title_bg_image_size":"","ocean_post_title_height":0,"ocean_post_title_bg_overlay":0.5,"ocean_post_title_bg_overlay_color":"","ocean_disable_breadcrumbs":"default","ocean_breadcrumbs_color":"","ocean_breadcrumbs_separator_color":"","ocean_breadcrumbs_links_color":"","ocean_breadcrumbs_links_hover_color":"","ocean_display_footer_widgets":"default","ocean_display_footer_bottom":"default","ocean_custom_footer_template":"0","footnotes":""},"class_list":["post-2646","page","type-page","status-publish","hentry","entry"],"_links":{"self":[{"href":"https:\/\/galdrasyning.is\/en\/wp-json\/wp\/v2\/pages\/2646","targetHints":{"allow":["GET"]}}],"collection":[{"href":"https:\/\/galdrasyning.is\/en\/wp-json\/wp\/v2\/pages"}],"about":[{"href":"https:\/\/galdrasyning.is\/en\/wp-json\/wp\/v2\/types\/page"}],"author":[{"embeddable":true,"href":"https:\/\/galdrasyning.is\/en\/wp-json\/wp\/v2\/users\/4"}],"replies":[{"embeddable":true,"href":"https:\/\/galdrasyning.is\/en\/wp-json\/wp\/v2\/comments?post=2646"}],"version-history":[{"count":44,"href":"https:\/\/galdrasyning.is\/en\/wp-json\/wp\/v2\/pages\/2646\/revisions"}],"predecessor-version":[{"id":11528,"href":"https:\/\/galdrasyning.is\/en\/wp-json\/wp\/v2\/pages\/2646\/revisions\/11528"}],"wp:attachment":[{"href":"https:\/\/galdrasyning.is\/en\/wp-json\/wp\/v2\/media?parent=2646"}],"curies":[{"name":"wp","href":"https:\/\/api.w.org\/{rel}","templated":true}]}}