{"id":2654,"date":"2021-01-15T12:55:48","date_gmt":"2021-01-15T12:55:48","guid":{"rendered":"https:\/\/galdrasyning.is\/?page_id=2654"},"modified":"2021-06-18T19:19:37","modified_gmt":"2021-06-18T19:19:37","slug":"galdrajurtir","status":"publish","type":"page","link":"https:\/\/galdrasyning.is\/en\/galdrajurtir\/","title":{"rendered":"Strandir"},"content":{"rendered":"<div data-elementor-type=\"wp-page\" data-elementor-id=\"2654\" class=\"elementor elementor-2654\">\n\t\t\t\t\t\t<section class=\"elementor-section elementor-top-section elementor-element elementor-element-72e90374 elementor-section-boxed elementor-section-height-default elementor-section-height-default\" data-id=\"72e90374\" data-element_type=\"section\" data-e-type=\"section\" data-no-translation=\"\">\n\t\t\t\t\t\t<div class=\"elementor-container elementor-column-gap-default\">\n\t\t\t\t\t<div class=\"elementor-column elementor-col-100 elementor-top-column elementor-element elementor-element-607cf3aa\" data-id=\"607cf3aa\" data-element_type=\"column\" data-e-type=\"column\">\n\t\t\t<div class=\"elementor-widget-wrap elementor-element-populated\">\n\t\t\t\t\t\t<div class=\"elementor-element elementor-element-570db546 elementor-widget elementor-widget-text-editor\" data-id=\"570db546\" data-element_type=\"widget\" data-e-type=\"widget\" data-widget_type=\"text-editor.default\">\n\t\t\t\t<div class=\"elementor-widget-container\">\n\t\t\t\t\t\t\t\t\t<p><\/p>\n<p><span style=\"font-weight: 400;\">The area of Strandir is not mentioned often in historical documents before the 17th century. It is still one of the remotest parts of Iceland and the northern part must have been even more remote in former centuries. It is therefore possible that some remnants of the old Viking religion survived in some form long after they had disappeared in areas in closer contact with the three seats of power. These were the two cathedrals, at Sk\u00e1lholt in the south and H\u00f3lar in the north, and the home of the Danish authorities at Bessasta\u00f0ir, today the official residence of the President of Iceland.\u00a0<\/span><\/p>\n<p>\u00a0<\/p>\n<p><span style=\"font-weight: 400;\">J\u00f3n the Learned<\/span><span style=\"font-weight: 400;\">, who was brought up in the north of Strandir during the last decades of the 16th century, is one of the few men to defend the Catholic faith in the 17th century. It is also interesting that of the fishing fleets that visited Iceland at the time, the Catholic Basques were the ones to set up whaling stations in Strandir.<\/span><\/p>\n<p><br \/><span style=\"font-weight: 400;\">At the beginning of the 17th century, the records of the high court at \u00deingvellir (the old parliament that by this time was no longer a legislative assembly &#8211; though royal decrees from Copenhagen had to be announced there) complain regularly that those obliged to attend from Strandir, among them the local sheriffs, do not show up, and in the events of contemporary annals events in Strandir are rarely mentioned. This changes after 1654 when the three men were burnt there for sorcery in <\/span><span style=\"font-weight: 400;\">Kistan<\/span><span style=\"font-weight: 400;\">. <\/span><\/p>\n<p><\/p>\t\t\t\t\t\t\t\t<\/div>\n\t\t\t\t<\/div>\n\t\t\t\t\t<\/div>\n\t\t<\/div>\n\t\t\t\t\t<\/div>\n\t\t<\/section>\n\t\t\t\t<section class=\"elementor-section elementor-top-section elementor-element elementor-element-416c688 elementor-section-boxed elementor-section-height-default elementor-section-height-default\" data-id=\"416c688\" data-element_type=\"section\" data-e-type=\"section\">\n\t\t\t\t\t\t<div class=\"elementor-container elementor-column-gap-default\">\n\t\t\t\t\t<div class=\"elementor-column elementor-col-100 elementor-top-column elementor-element elementor-element-60aa06e\" data-id=\"60aa06e\" data-element_type=\"column\" data-e-type=\"column\">\n\t\t\t<div class=\"elementor-widget-wrap elementor-element-populated\">\n\t\t\t\t\t\t<div class=\"elementor-element elementor-element-70d0a0a elementor-widget elementor-widget-image\" data-id=\"70d0a0a\" data-element_type=\"widget\" data-e-type=\"widget\" data-widget_type=\"image.default\">\n\t\t\t\t<div class=\"elementor-widget-container\">\n\t\t\t\t\t\t\t\t\t\t\t\t\t\t\t<img decoding=\"async\" width=\"150\" height=\"68\" src=\"https:\/\/galdrasyning.is\/wp-content\/uploads\/2021\/02\/ottastafur.jpg\" class=\"attachment-large size-large wp-image-4650\" alt=\"\" srcset=\"https:\/\/galdrasyning.is\/wp-content\/uploads\/2021\/02\/ottastafur.jpg 150w, https:\/\/galdrasyning.is\/wp-content\/uploads\/2021\/02\/ottastafur-16x7.jpg 16w\" sizes=\"(max-width: 150px) 100vw, 150px\" \/>\t\t\t\t\t\t\t\t\t\t\t\t\t\t\t<\/div>\n\t\t\t\t<\/div>\n\t\t\t\t\t<\/div>\n\t\t<\/div>\n\t\t\t\t\t<\/div>\n\t\t<\/section>\n\t\t\t\t<\/div>","protected":false},"excerpt":{"rendered":"<p>Gr\u00f6s af \u00fdmsu tagi eru einn \u00fe\u00e1ttur \u00ed \u00fej\u00f3\u00f0tr\u00fa \u00cdslendinga og eru talin koma a\u00f0 haldi vi\u00f0 margv\u00edslegar a\u00f0st\u00e6\u00f0ur, a\u00f0allega til l\u00e6kninga. Fyrr \u00e1 \u00f6ldum var skammt \u00e1 milli \u00feess sem \u00ed dag er nefnt galdur, hj\u00e1tr\u00fa og kreddur annars vegar og l\u00e6knisfr\u00e6\u00f0i og n\u00e1tt\u00farufr\u00e6\u00f0i n\u00fat\u00edmans.\u00a0 Miki\u00f0 af galdri sem d\u00e6mt var fyrir voru frumst\u00e6\u00f0ar [&hellip;]<\/p>\n","protected":false},"author":4,"featured_media":0,"parent":0,"menu_order":0,"comment_status":"closed","ping_status":"closed","template":"","meta":{"_monsterinsights_skip_tracking":false,"_monsterinsights_sitenote_active":false,"_monsterinsights_sitenote_note":"","_monsterinsights_sitenote_category":0,"ocean_post_layout":"","ocean_both_sidebars_style":"","ocean_both_sidebars_content_width":0,"ocean_both_sidebars_sidebars_width":0,"ocean_sidebar":"0","ocean_second_sidebar":"0","ocean_disable_margins":"enable","ocean_add_body_class":"","ocean_shortcode_before_top_bar":"","ocean_shortcode_after_top_bar":"","ocean_shortcode_before_header":"","ocean_shortcode_after_header":"","ocean_has_shortcode":"","ocean_shortcode_after_title":"","ocean_shortcode_before_footer_widgets":"","ocean_shortcode_after_footer_widgets":"","ocean_shortcode_before_footer_bottom":"","ocean_shortcode_after_footer_bottom":"","ocean_display_top_bar":"default","ocean_display_header":"default","ocean_header_style":"","ocean_center_header_left_menu":"0","ocean_custom_header_template":"0","ocean_custom_logo":0,"ocean_custom_retina_logo":0,"ocean_custom_logo_max_width":0,"ocean_custom_logo_tablet_max_width":0,"ocean_custom_logo_mobile_max_width":0,"ocean_custom_logo_max_height":0,"ocean_custom_logo_tablet_max_height":0,"ocean_custom_logo_mobile_max_height":0,"ocean_header_custom_menu":"0","ocean_menu_typo_font_family":"0","ocean_menu_typo_font_subset":"","ocean_menu_typo_font_size":0,"ocean_menu_typo_font_size_tablet":0,"ocean_menu_typo_font_size_mobile":0,"ocean_menu_typo_font_size_unit":"px","ocean_menu_typo_font_weight":"","ocean_menu_typo_font_weight_tablet":"","ocean_menu_typo_font_weight_mobile":"","ocean_menu_typo_transform":"","ocean_menu_typo_transform_tablet":"","ocean_menu_typo_transform_mobile":"","ocean_menu_typo_line_height":0,"ocean_menu_typo_line_height_tablet":0,"ocean_menu_typo_line_height_mobile":0,"ocean_menu_typo_line_height_unit":"","ocean_menu_typo_spacing":0,"ocean_menu_typo_spacing_tablet":0,"ocean_menu_typo_spacing_mobile":0,"ocean_menu_typo_spacing_unit":"","ocean_menu_link_color":"","ocean_menu_link_color_hover":"","ocean_menu_link_color_active":"","ocean_menu_link_background":"","ocean_menu_link_hover_background":"","ocean_menu_link_active_background":"","ocean_menu_social_links_bg":"","ocean_menu_social_hover_links_bg":"","ocean_menu_social_links_color":"","ocean_menu_social_hover_links_color":"","ocean_disable_title":"default","ocean_disable_heading":"default","ocean_post_title":"","ocean_post_subheading":"","ocean_post_title_style":"","ocean_post_title_background_color":"","ocean_post_title_background":0,"ocean_post_title_bg_image_position":"","ocean_post_title_bg_image_attachment":"","ocean_post_title_bg_image_repeat":"","ocean_post_title_bg_image_size":"","ocean_post_title_height":0,"ocean_post_title_bg_overlay":0.5,"ocean_post_title_bg_overlay_color":"","ocean_disable_breadcrumbs":"default","ocean_breadcrumbs_color":"","ocean_breadcrumbs_separator_color":"","ocean_breadcrumbs_links_color":"","ocean_breadcrumbs_links_hover_color":"","ocean_display_footer_widgets":"default","ocean_display_footer_bottom":"default","ocean_custom_footer_template":"0","footnotes":""},"class_list":["post-2654","page","type-page","status-publish","hentry","entry"],"_links":{"self":[{"href":"https:\/\/galdrasyning.is\/en\/wp-json\/wp\/v2\/pages\/2654","targetHints":{"allow":["GET"]}}],"collection":[{"href":"https:\/\/galdrasyning.is\/en\/wp-json\/wp\/v2\/pages"}],"about":[{"href":"https:\/\/galdrasyning.is\/en\/wp-json\/wp\/v2\/types\/page"}],"author":[{"embeddable":true,"href":"https:\/\/galdrasyning.is\/en\/wp-json\/wp\/v2\/users\/4"}],"replies":[{"embeddable":true,"href":"https:\/\/galdrasyning.is\/en\/wp-json\/wp\/v2\/comments?post=2654"}],"version-history":[{"count":32,"href":"https:\/\/galdrasyning.is\/en\/wp-json\/wp\/v2\/pages\/2654\/revisions"}],"predecessor-version":[{"id":11510,"href":"https:\/\/galdrasyning.is\/en\/wp-json\/wp\/v2\/pages\/2654\/revisions\/11510"}],"wp:attachment":[{"href":"https:\/\/galdrasyning.is\/en\/wp-json\/wp\/v2\/media?parent=2654"}],"curies":[{"name":"wp","href":"https:\/\/api.w.org\/{rel}","templated":true}]}}