{"id":2658,"date":"2021-01-15T12:56:27","date_gmt":"2021-01-15T12:56:27","guid":{"rendered":"https:\/\/galdrasyning.is\/?page_id=2658"},"modified":"2021-06-13T21:25:32","modified_gmt":"2021-06-13T21:25:32","slug":"sogupersonur-17-aldar","status":"publish","type":"page","link":"https:\/\/galdrasyning.is\/en\/sogupersonur-17-aldar\/","title":{"rendered":"Other victims"},"content":{"rendered":"<div data-elementor-type=\"wp-page\" data-elementor-id=\"2658\" class=\"elementor elementor-2658\">\n\t\t\t\t\t\t<section class=\"elementor-section elementor-top-section elementor-element elementor-element-dc05eaf elementor-section-boxed elementor-section-height-default elementor-section-height-default\" data-id=\"dc05eaf\" data-element_type=\"section\" data-e-type=\"section\" data-no-translation=\"\">\n\t\t\t\t\t\t<div class=\"elementor-container elementor-column-gap-default\">\n\t\t\t\t\t<div class=\"elementor-column elementor-col-100 elementor-top-column elementor-element elementor-element-83b5015\" data-id=\"83b5015\" data-element_type=\"column\" data-e-type=\"column\">\n\t\t\t<div class=\"elementor-widget-wrap elementor-element-populated\">\n\t\t\t\t\t\t<div class=\"elementor-element elementor-element-8bb4f5a elementor-widget elementor-widget-text-editor\" data-id=\"8bb4f5a\" data-element_type=\"widget\" data-e-type=\"widget\" data-widget_type=\"text-editor.default\">\n\t\t\t\t<div class=\"elementor-widget-container\">\n\t\t\t\t\t\t\t\t\t<p><span style=\"font-size: 17px; color: var( --e-global-color-secondary ); letter-spacing: 0.6px;\">It is unclear whether the following should be included on a list of those executed for witchcraft:<\/span><\/p>\n<p><\/p>\n<p><b>Unnamed woman \u2013 1580<\/b><\/p>\n<p>A vague reference in a Danish book refers to a woman burnt for having used tilberi (a peculiar female magic to steal milk from sheep and cows). In 1635 a woman was acquitted after rumours had circulated that she kept a tilberi.<\/p>\n<p><\/p>\n<p><b>Gu\u00f0r\u00fan \u00deorsteinsd\u00f3ttir \u2013 1605<\/b><\/p>\n<p>Burnt for having killed a baby by throwing it into a boiling cauldron. No contemporary source directly mentions witchcraft in connection with this case.<\/p>\n<p><\/p>\n<p><b>Sveinn skotti Axlar-Bjarnarson \u2013 1646<\/b><\/p>\n<p>The son of Iceland\u2019s worst mass murderer. After repeated convictions for theft, rape, and sorcery, he was whipped and it was declared that he had forfeited his life if found guilty again. He was hanged for attempted rape.<\/p>\n<p><\/p>\n<p><b>J\u00f3n J\u00f3nsson (R\u00ed\u00f0uma\u00f0ur) \u2013 1650<\/b><\/p>\n<p>Condemned for incest but after he was beheaded he was found to have magical amulets with staves in his shoes. His body was then burnt.<\/p>\n<p><\/p>\n<p><b>Halld\u00f3r Finnbogason \u2013 1685<\/b><\/p>\n<p>Burnt at \u00deingvellir for blasphemy. Recited \u201cOur Father who art in Hell\u201d at all his trials.<\/p>\n<p>.<\/p>\t\t\t\t\t\t\t\t<\/div>\n\t\t\t\t<\/div>\n\t\t\t\t\t<\/div>\n\t\t<\/div>\n\t\t\t\t\t<\/div>\n\t\t<\/section>\n\t\t\t\t<\/div>","protected":false},"excerpt":{"rendered":"<p>\u00c1rni Magn\u00fasson \u00c1rni Magn\u00fasson (1663-1730) var f\u00e6ddur \u00e1 Kvennabrekku \u00ed D\u00f6lum, sonur Magn\u00fasar J\u00f3nssonar prests og Gu\u00f0r\u00fanar Ketilsd\u00f3ttur. Hann \u00fatskrifa\u00f0ist \u00far Sk\u00e1lholtssk\u00f3la 1683 og sigldi til Hafnar \u00fear sem hann t\u00f3k pr\u00f3f \u00ed gu\u00f0fr\u00e6\u00f0i. A\u00f0 \u00fev\u00ed loknu sneri hann til \u00cdslands og h\u00f3f a\u00f0 safna handritum. Hann var\u00f0 pr\u00f3fessor vi\u00f0 Hafnarh\u00e1sk\u00f3la \u00ed fornfr\u00e6\u00f0i og s\u00ed\u00f0ar [&hellip;]<\/p>\n","protected":false},"author":4,"featured_media":0,"parent":0,"menu_order":0,"comment_status":"closed","ping_status":"closed","template":"","meta":{"_monsterinsights_skip_tracking":false,"_monsterinsights_sitenote_active":false,"_monsterinsights_sitenote_note":"","_monsterinsights_sitenote_category":0,"ocean_post_layout":"","ocean_both_sidebars_style":"","ocean_both_sidebars_content_width":0,"ocean_both_sidebars_sidebars_width":0,"ocean_sidebar":"0","ocean_second_sidebar":"0","ocean_disable_margins":"enable","ocean_add_body_class":"","ocean_shortcode_before_top_bar":"","ocean_shortcode_after_top_bar":"","ocean_shortcode_before_header":"","ocean_shortcode_after_header":"","ocean_has_shortcode":"","ocean_shortcode_after_title":"","ocean_shortcode_before_footer_widgets":"","ocean_shortcode_after_footer_widgets":"","ocean_shortcode_before_footer_bottom":"","ocean_shortcode_after_footer_bottom":"","ocean_display_top_bar":"default","ocean_display_header":"default","ocean_header_style":"","ocean_center_header_left_menu":"0","ocean_custom_header_template":"0","ocean_custom_logo":0,"ocean_custom_retina_logo":0,"ocean_custom_logo_max_width":0,"ocean_custom_logo_tablet_max_width":0,"ocean_custom_logo_mobile_max_width":0,"ocean_custom_logo_max_height":0,"ocean_custom_logo_tablet_max_height":0,"ocean_custom_logo_mobile_max_height":0,"ocean_header_custom_menu":"0","ocean_menu_typo_font_family":"0","ocean_menu_typo_font_subset":"","ocean_menu_typo_font_size":0,"ocean_menu_typo_font_size_tablet":0,"ocean_menu_typo_font_size_mobile":0,"ocean_menu_typo_font_size_unit":"px","ocean_menu_typo_font_weight":"","ocean_menu_typo_font_weight_tablet":"","ocean_menu_typo_font_weight_mobile":"","ocean_menu_typo_transform":"","ocean_menu_typo_transform_tablet":"","ocean_menu_typo_transform_mobile":"","ocean_menu_typo_line_height":0,"ocean_menu_typo_line_height_tablet":0,"ocean_menu_typo_line_height_mobile":0,"ocean_menu_typo_line_height_unit":"","ocean_menu_typo_spacing":0,"ocean_menu_typo_spacing_tablet":0,"ocean_menu_typo_spacing_mobile":0,"ocean_menu_typo_spacing_unit":"","ocean_menu_link_color":"","ocean_menu_link_color_hover":"","ocean_menu_link_color_active":"","ocean_menu_link_background":"","ocean_menu_link_hover_background":"","ocean_menu_link_active_background":"","ocean_menu_social_links_bg":"","ocean_menu_social_hover_links_bg":"","ocean_menu_social_links_color":"","ocean_menu_social_hover_links_color":"","ocean_disable_title":"default","ocean_disable_heading":"default","ocean_post_title":"","ocean_post_subheading":"","ocean_post_title_style":"","ocean_post_title_background_color":"","ocean_post_title_background":0,"ocean_post_title_bg_image_position":"","ocean_post_title_bg_image_attachment":"","ocean_post_title_bg_image_repeat":"","ocean_post_title_bg_image_size":"","ocean_post_title_height":0,"ocean_post_title_bg_overlay":0.5,"ocean_post_title_bg_overlay_color":"","ocean_disable_breadcrumbs":"default","ocean_breadcrumbs_color":"","ocean_breadcrumbs_separator_color":"","ocean_breadcrumbs_links_color":"","ocean_breadcrumbs_links_hover_color":"","ocean_display_footer_widgets":"default","ocean_display_footer_bottom":"default","ocean_custom_footer_template":"0","footnotes":""},"class_list":["post-2658","page","type-page","status-publish","hentry","entry"],"_links":{"self":[{"href":"https:\/\/galdrasyning.is\/en\/wp-json\/wp\/v2\/pages\/2658","targetHints":{"allow":["GET"]}}],"collection":[{"href":"https:\/\/galdrasyning.is\/en\/wp-json\/wp\/v2\/pages"}],"about":[{"href":"https:\/\/galdrasyning.is\/en\/wp-json\/wp\/v2\/types\/page"}],"author":[{"embeddable":true,"href":"https:\/\/galdrasyning.is\/en\/wp-json\/wp\/v2\/users\/4"}],"replies":[{"embeddable":true,"href":"https:\/\/galdrasyning.is\/en\/wp-json\/wp\/v2\/comments?post=2658"}],"version-history":[{"count":131,"href":"https:\/\/galdrasyning.is\/en\/wp-json\/wp\/v2\/pages\/2658\/revisions"}],"predecessor-version":[{"id":11470,"href":"https:\/\/galdrasyning.is\/en\/wp-json\/wp\/v2\/pages\/2658\/revisions\/11470"}],"wp:attachment":[{"href":"https:\/\/galdrasyning.is\/en\/wp-json\/wp\/v2\/media?parent=2658"}],"curies":[{"name":"wp","href":"https:\/\/api.w.org\/{rel}","templated":true}]}}