{"id":2660,"date":"2021-01-15T12:56:44","date_gmt":"2021-01-15T12:56:44","guid":{"rendered":"https:\/\/galdrasyning.is\/?page_id=2660"},"modified":"2021-06-13T21:24:16","modified_gmt":"2021-06-13T21:24:16","slug":"galdramal-og-galdrabrennur","status":"publish","type":"page","link":"https:\/\/galdrasyning.is\/en\/galdramal-og-galdrabrennur\/","title":{"rendered":"Early court cases"},"content":{"rendered":"<div data-elementor-type=\"wp-page\" data-elementor-id=\"2660\" class=\"elementor elementor-2660\">\n\t\t\t\t\t\t<section class=\"elementor-section elementor-top-section elementor-element elementor-element-ab1db1e elementor-section-boxed elementor-section-height-default elementor-section-height-default\" data-id=\"ab1db1e\" data-element_type=\"section\" data-e-type=\"section\">\n\t\t\t\t\t\t<div class=\"elementor-container elementor-column-gap-default\">\n\t\t\t\t\t<div class=\"elementor-column elementor-col-100 elementor-top-column elementor-element elementor-element-d6adb8f\" data-id=\"d6adb8f\" data-element_type=\"column\" data-e-type=\"column\">\n\t\t\t<div class=\"elementor-widget-wrap elementor-element-populated\">\n\t\t\t\t\t\t<div class=\"elementor-element elementor-element-b012ed9 elementor-widget elementor-widget-text-editor\" data-id=\"b012ed9\" data-element_type=\"widget\" data-e-type=\"widget\" data-widget_type=\"text-editor.default\">\n\t\t\t\t<div class=\"elementor-widget-container\">\n\t\t\t\t\t\t\t\t\t<p>\u00a0<\/p>\n<figure id=\"attachment_3363\" aria-describedby=\"caption-attachment-3363\" style=\"width: 190px\" class=\"wp-caption aligncenter\"><img decoding=\"async\" class=\"wp-image-3363 size-full\" src=\"https:\/\/galdrasyning.is\/wp-content\/uploads\/2021\/01\/efolaneradfenadi.jpg\" alt=\"efolaneradfenadi\" width=\"190\" height=\"118\" srcset=\"https:\/\/galdrasyning.is\/wp-content\/uploads\/2021\/01\/efolaneradfenadi.jpg 190w, https:\/\/galdrasyning.is\/wp-content\/uploads\/2021\/01\/efolaneradfenadi-16x10.jpg 16w\" sizes=\"(max-width: 190px) 100vw, 190px\" \/><figcaption id=\"caption-attachment-3363\" class=\"wp-caption-text\">Til verndar sau\u00f0f\u00e9 \/ Protection for sheep<\/figcaption><\/figure>\t\t\t\t\t\t\t\t<\/div>\n\t\t\t\t<\/div>\n\t\t\t\t\t<\/div>\n\t\t<\/div>\n\t\t\t\t\t<\/div>\n\t\t<\/section>\n\t\t\t\t<section class=\"elementor-section elementor-top-section elementor-element elementor-element-f9beb82 elementor-section-boxed elementor-section-height-default elementor-section-height-default\" data-id=\"f9beb82\" data-element_type=\"section\" data-e-type=\"section\">\n\t\t\t\t\t\t<div class=\"elementor-container elementor-column-gap-default\">\n\t\t\t\t\t<div class=\"elementor-column elementor-col-100 elementor-top-column elementor-element elementor-element-875d080\" data-id=\"875d080\" data-element_type=\"column\" data-e-type=\"column\">\n\t\t\t<div class=\"elementor-widget-wrap elementor-element-populated\">\n\t\t\t\t\t\t<div class=\"elementor-element elementor-element-30af809 elementor-widget elementor-widget-spacer\" data-id=\"30af809\" data-element_type=\"widget\" data-e-type=\"widget\" data-widget_type=\"spacer.default\">\n\t\t\t\t<div class=\"elementor-widget-container\">\n\t\t\t\t\t\t\t<div class=\"elementor-spacer\">\n\t\t\t<div class=\"elementor-spacer-inner\"><\/div>\n\t\t<\/div>\n\t\t\t\t\t\t<\/div>\n\t\t\t\t<\/div>\n\t\t\t\t\t<\/div>\n\t\t<\/div>\n\t\t\t\t\t<\/div>\n\t\t<\/section>\n\t\t\t\t<section class=\"elementor-section elementor-top-section elementor-element elementor-element-22ca05ea elementor-section-boxed elementor-section-height-default elementor-section-height-default\" data-id=\"22ca05ea\" data-element_type=\"section\" data-e-type=\"section\">\n\t\t\t\t\t\t<div class=\"elementor-container elementor-column-gap-default\">\n\t\t\t\t\t<div class=\"elementor-column elementor-col-100 elementor-top-column elementor-element elementor-element-330a78c9\" data-id=\"330a78c9\" data-element_type=\"column\" data-e-type=\"column\">\n\t\t\t<div class=\"elementor-widget-wrap elementor-element-populated\">\n\t\t\t\t\t\t<div class=\"elementor-element elementor-element-3ac710d8 elementor-widget elementor-widget-text-editor\" data-id=\"3ac710d8\" data-element_type=\"widget\" data-e-type=\"widget\" data-widget_type=\"text-editor.default\">\n\t\t\t\t<div class=\"elementor-widget-container\">\n\t\t\t\t\t\t\t\t\t<p><\/p>\n<p>In 1554, a priest in Eyjafj\u00f6r\u00f0ur was charged with raping his sister-in-law, a minor, with the aid of grimoires found in his possession.&nbsp;<\/p><p><span style=\"font-size: 17px; color: var( --e-global-color-secondary ); letter-spacing: 0.6px;\"><br><\/span><\/p><p><span style=\"font-size: 17px; color: var( --e-global-color-secondary ); letter-spacing: 0.6px;\">He was outlawed from the region and sentenced to lose one arm and both ears and to pay his father-in-law vast sums in compensation. The authorities later allowed him to keep his arm and ears, and he then became a parish priest in the Strandir region.<\/span><\/p>\n<p><\/p>\n<p><br><\/p>\n<p><\/p>\t\t\t\t\t\t\t\t<\/div>\n\t\t\t\t<\/div>\n\t\t\t\t\t<\/div>\n\t\t<\/div>\n\t\t\t\t\t<\/div>\n\t\t<\/section>\n\t\t\t\t<section class=\"elementor-section elementor-top-section elementor-element elementor-element-b4ebe2e elementor-section-boxed elementor-section-height-default elementor-section-height-default\" data-id=\"b4ebe2e\" data-element_type=\"section\" data-e-type=\"section\">\n\t\t\t\t\t\t<div class=\"elementor-container elementor-column-gap-default\">\n\t\t\t\t\t<div class=\"elementor-column elementor-col-100 elementor-top-column elementor-element elementor-element-10fdcf5\" data-id=\"10fdcf5\" data-element_type=\"column\" data-e-type=\"column\">\n\t\t\t<div class=\"elementor-widget-wrap elementor-element-populated\">\n\t\t\t\t\t\t<div class=\"elementor-element elementor-element-916d926 elementor-widget elementor-widget-text-editor\" data-id=\"916d926\" data-element_type=\"widget\" data-e-type=\"widget\" data-widget_type=\"text-editor.default\">\n\t\t\t\t<div class=\"elementor-widget-container\">\n\t\t\t\t\t\t\t\t\t<p><\/p>\n<p><span style=\"color: var( --e-global-color-secondary ); font-size: 17px; letter-spacing: 0.6px;\">The first person burnt at the stake for practicing sorcery was a farmhand in Eyjafj\u00f6r\u00f0ur named J\u00f3n R\u00f6gnvaldsson.\u00a0<\/span><\/p>\n<p><a href=\"https:\/\/norn.galdrasyning.is\/wp\/wp-content\/uploads\/2021\/02\/057magnus-magnusson.tif\"><img decoding=\"async\" class=\"size-medium wp-image-6386\" src=\"https:\/\/norn.galdrasyning.is\/wp\/wp-content\/uploads\/2021\/02\/057magnus-magnusson.tif\" alt=\"\" width=\"1\" height=\"1\" \/><\/a><\/p>\n<figure id=\"attachment_6697\" aria-describedby=\"caption-attachment-6697\" style=\"width: 294px\" class=\"wp-caption alignright\"><img fetchpriority=\"high\" decoding=\"async\" class=\"size-medium wp-image-6697\" src=\"https:\/\/norn.galdrasyning.is\/wp\/wp-content\/uploads\/2021\/02\/magnus-magnusson-294x300.png\" alt=\"\" width=\"294\" height=\"300\" srcset=\"https:\/\/galdrasyning.is\/wp-content\/uploads\/2021\/02\/magnus-magnusson-294x300.png 294w, https:\/\/galdrasyning.is\/wp-content\/uploads\/2021\/02\/magnus-magnusson-1003x1024.png 1003w, https:\/\/galdrasyning.is\/wp-content\/uploads\/2021\/02\/magnus-magnusson-768x784.png 768w, https:\/\/galdrasyning.is\/wp-content\/uploads\/2021\/02\/magnus-magnusson-12x12.png 12w, https:\/\/galdrasyning.is\/wp-content\/uploads\/2021\/02\/magnus-magnusson.png 1308w\" sizes=\"(max-width: 294px) 100vw, 294px\" \/><figcaption id=\"caption-attachment-6697\" class=\"wp-caption-text\">Magn\u00fas Magn\u00fasson<\/figcaption><\/figure>\n<p><span style=\"color: var( --e-global-color-secondary ); font-size: 17px; letter-spacing: 0.6px;\">He was accused of having raised a ghost and sent it to do mischief on a neighboring farm. J\u00f3n denied all charges but when some pages with runic characters and signs were found among his possessions the local sheriff promptly had him burnt. The most likely explanation for this sudden execution is that the sheriff, a young man who had fairly recently gotten the job after studying abroad, decided to act swiftly and impress his superiors.<\/span><\/p>\n<p>\u00a0<\/p>\n<p><\/p>\n<p><\/p>\n<p>Evidently he succeeded in this because a few years later the Danish authorities demanded that he take over the position of l\u00f6gma\u00f0ur (one of two head sheriffs in the country) without the customary election. Twenty-nine years passed until the next fires were kindled.<\/p>\n<figure id=\"attachment_4634\" aria-describedby=\"caption-attachment-4634\" style=\"width: 300px\" class=\"wp-caption aligncenter\"><img loading=\"lazy\" decoding=\"async\" class=\"wp-image-4634 size-medium\" src=\"https:\/\/norn.galdrasyning.is\/wp\/wp-content\/uploads\/2021\/02\/glimugaldrar1-300x98.jpg\" alt=\"\" width=\"300\" height=\"98\" srcset=\"https:\/\/galdrasyning.is\/wp-content\/uploads\/2021\/02\/glimugaldrar1-300x98.jpg 300w, https:\/\/galdrasyning.is\/wp-content\/uploads\/2021\/02\/glimugaldrar1-16x5.jpg 16w, https:\/\/galdrasyning.is\/wp-content\/uploads\/2021\/02\/glimugaldrar1.jpg 360w\" sizes=\"(max-width: 300px) 100vw, 300px\" \/><figcaption id=\"caption-attachment-4634\" class=\"wp-caption-text\">Gl\u00edmugaldur \/ Staves for wrestling<\/figcaption><\/figure>\n<p><\/p>\n<p><\/p>\n<p>\u00a0<\/p>\n<p>In 1617 the Danish authorities sent a royal order defining punishments for witchcraft but it was probably never ratified by the general assembly at \u00deingvellir. In the following years mentions of sorcery become more numerous in the records, especially after the trials in the seventeen-thirties of J\u00f3n the Learned of Strandir, one of the most remarkable men of the 17th century. J\u00f3n had previously fled the Westfjords because of his criticism of the powerful sheriff, Ari in \u00d6gur, who had ordered the killing of over 40 shipwrecked Basque whalers in 1615. J\u00f3n did not deny having practiced healing such as found in a book of charms and cures presented to the lawcourt (the table of contents is copied in the court records) but staunchly denied practicing magic or sorcery.<\/p>\n<p>\u00a0<\/p>\n<p><\/p>\n<p><\/p>\n<p>J\u00f3n was outlawed from the country, but after a hearing before the university court in Copenhagen and a second trial where the first verdict was confirmed, he was allowed to live out his days in the east of Iceland where he wrote a number of works, most of them for the bishop in Sk\u00e1lholt, Brynj\u00f3lfur Sveinsson.<\/p>\n<p><\/p>\t\t\t\t\t\t\t\t<\/div>\n\t\t\t\t<\/div>\n\t\t\t\t\t<\/div>\n\t\t<\/div>\n\t\t\t\t\t<\/div>\n\t\t<\/section>\n\t\t\t\t<section class=\"elementor-section elementor-top-section elementor-element elementor-element-b8eb6e0 elementor-section-boxed elementor-section-height-default elementor-section-height-default\" data-id=\"b8eb6e0\" data-element_type=\"section\" data-e-type=\"section\">\n\t\t\t\t\t\t<div class=\"elementor-container elementor-column-gap-default\">\n\t\t\t\t\t<div class=\"elementor-column elementor-col-100 elementor-top-column elementor-element elementor-element-de473e5\" data-id=\"de473e5\" data-element_type=\"column\" data-e-type=\"column\">\n\t\t\t<div class=\"elementor-widget-wrap elementor-element-populated\">\n\t\t\t\t\t\t<div class=\"elementor-element elementor-element-c312954 elementor-widget elementor-widget-text-editor\" data-id=\"c312954\" data-element_type=\"widget\" data-e-type=\"widget\" data-widget_type=\"text-editor.default\">\n\t\t\t\t<div class=\"elementor-widget-container\">\n\t\t\t\t\t\t\t\t\t<p>From 1654 when three men were executed in Tr\u00e9kyllisv\u00edk in Strandir only one or two court cases are mentioned in the sources until the 1670s when the witch-hunt seems to have been at its zenith. After the last execution in 1683, and especially after 1690 when a royal decree ordered that all capital offenses must be referred to the authorities in Copenhagen, the cases became fewer.&nbsp;<\/p>\n<p><span style=\"font-size: 17px; color: var( --e-global-color-secondary ); letter-spacing: 0.6px;\"><br><\/span><\/p>\n<p><span style=\"font-size: 17px; color: var( --e-global-color-secondary ); letter-spacing: 0.6px;\">In 1719 the assembly at \u00deingvellir scolded a sheriff for wasting the court\u2019s time with an accusation for magic.&nbsp;<\/span><\/p>\n<p><\/p>\n<p>This marks the end of the \u201cburning-times\u201d in Iceland.<\/p>\t\t\t\t\t\t\t\t<\/div>\n\t\t\t\t<\/div>\n\t\t\t\t\t<\/div>\n\t\t<\/div>\n\t\t\t\t\t<\/div>\n\t\t<\/section>\n\t\t\t\t<section class=\"elementor-section elementor-top-section elementor-element elementor-element-5ddf1f7 elementor-section-boxed elementor-section-height-default elementor-section-height-default\" data-id=\"5ddf1f7\" data-element_type=\"section\" data-e-type=\"section\">\n\t\t\t\t\t\t<div class=\"elementor-container elementor-column-gap-default\">\n\t\t\t\t\t<div class=\"elementor-column elementor-col-100 elementor-top-column elementor-element elementor-element-4ce67b3\" data-id=\"4ce67b3\" data-element_type=\"column\" data-e-type=\"column\">\n\t\t\t<div class=\"elementor-widget-wrap elementor-element-populated\">\n\t\t\t\t\t\t<div class=\"elementor-element elementor-element-0467c42 elementor-widget elementor-widget-spacer\" data-id=\"0467c42\" data-element_type=\"widget\" data-e-type=\"widget\" data-widget_type=\"spacer.default\">\n\t\t\t\t<div class=\"elementor-widget-container\">\n\t\t\t\t\t\t\t<div class=\"elementor-spacer\">\n\t\t\t<div class=\"elementor-spacer-inner\"><\/div>\n\t\t<\/div>\n\t\t\t\t\t\t<\/div>\n\t\t\t\t<\/div>\n\t\t\t\t\t<\/div>\n\t\t<\/div>\n\t\t\t\t\t<\/div>\n\t\t<\/section>\n\t\t\t\t<section class=\"elementor-section elementor-top-section elementor-element elementor-element-fe92ede elementor-section-boxed elementor-section-height-default elementor-section-height-default\" data-id=\"fe92ede\" data-element_type=\"section\" data-e-type=\"section\">\n\t\t\t\t\t\t<div class=\"elementor-container elementor-column-gap-default\">\n\t\t\t\t\t<div class=\"elementor-column elementor-col-100 elementor-top-column elementor-element elementor-element-0bb5a3e\" data-id=\"0bb5a3e\" data-element_type=\"column\" data-e-type=\"column\">\n\t\t\t<div class=\"elementor-widget-wrap elementor-element-populated\">\n\t\t\t\t\t\t<div class=\"elementor-element elementor-element-b2bd388 elementor-widget elementor-widget-spacer\" data-id=\"b2bd388\" data-element_type=\"widget\" data-e-type=\"widget\" data-widget_type=\"spacer.default\">\n\t\t\t\t<div class=\"elementor-widget-container\">\n\t\t\t\t\t\t\t<div class=\"elementor-spacer\">\n\t\t\t<div class=\"elementor-spacer-inner\"><\/div>\n\t\t<\/div>\n\t\t\t\t\t\t<\/div>\n\t\t\t\t<\/div>\n\t\t\t\t\t<\/div>\n\t\t<\/div>\n\t\t\t\t\t<\/div>\n\t\t<\/section>\n\t\t\t\t<\/div>","protected":false},"excerpt":{"rendered":"<p>\u00a0 Heimildir um galdram\u00e1l \u00e1 \u00cdslandi eru mismiklar og mis greinarg\u00f3\u00f0ar. Um \u00feau f\u00e1u m\u00e1l sem vita\u00f0 er um fyrir si\u00f0askipti eru \u00fe\u00e6r brotakenndar.&nbsp; Sem d\u00e6mi m\u00e1 taka l\u00edfl\u00e1t Katr\u00ednar nunnu \u00e1 Kirkjub\u00e6jarklaustri 1343. \u00c1 aft\u00f6kuna er minnst \u00ed N\u00fdja ann\u00e1l og \u00fear sagt a\u00f0 biskup hafi degradera\u00f0 \u201esystur \u00ed Kirkjub\u00e6 um p\u00e1fa blasphemiam, og [&hellip;]<\/p>\n","protected":false},"author":4,"featured_media":0,"parent":0,"menu_order":0,"comment_status":"closed","ping_status":"closed","template":"","meta":{"_monsterinsights_skip_tracking":false,"_monsterinsights_sitenote_active":false,"_monsterinsights_sitenote_note":"","_monsterinsights_sitenote_category":0,"ocean_post_layout":"","ocean_both_sidebars_style":"","ocean_both_sidebars_content_width":0,"ocean_both_sidebars_sidebars_width":0,"ocean_sidebar":"0","ocean_second_sidebar":"0","ocean_disable_margins":"enable","ocean_add_body_class":"","ocean_shortcode_before_top_bar":"","ocean_shortcode_after_top_bar":"","ocean_shortcode_before_header":"","ocean_shortcode_after_header":"","ocean_has_shortcode":"","ocean_shortcode_after_title":"","ocean_shortcode_before_footer_widgets":"","ocean_shortcode_after_footer_widgets":"","ocean_shortcode_before_footer_bottom":"","ocean_shortcode_after_footer_bottom":"","ocean_display_top_bar":"default","ocean_display_header":"default","ocean_header_style":"","ocean_center_header_left_menu":"0","ocean_custom_header_template":"0","ocean_custom_logo":0,"ocean_custom_retina_logo":0,"ocean_custom_logo_max_width":0,"ocean_custom_logo_tablet_max_width":0,"ocean_custom_logo_mobile_max_width":0,"ocean_custom_logo_max_height":0,"ocean_custom_logo_tablet_max_height":0,"ocean_custom_logo_mobile_max_height":0,"ocean_header_custom_menu":"0","ocean_menu_typo_font_family":"0","ocean_menu_typo_font_subset":"","ocean_menu_typo_font_size":0,"ocean_menu_typo_font_size_tablet":0,"ocean_menu_typo_font_size_mobile":0,"ocean_menu_typo_font_size_unit":"px","ocean_menu_typo_font_weight":"","ocean_menu_typo_font_weight_tablet":"","ocean_menu_typo_font_weight_mobile":"","ocean_menu_typo_transform":"","ocean_menu_typo_transform_tablet":"","ocean_menu_typo_transform_mobile":"","ocean_menu_typo_line_height":0,"ocean_menu_typo_line_height_tablet":0,"ocean_menu_typo_line_height_mobile":0,"ocean_menu_typo_line_height_unit":"","ocean_menu_typo_spacing":0,"ocean_menu_typo_spacing_tablet":0,"ocean_menu_typo_spacing_mobile":0,"ocean_menu_typo_spacing_unit":"","ocean_menu_link_color":"","ocean_menu_link_color_hover":"","ocean_menu_link_color_active":"","ocean_menu_link_background":"","ocean_menu_link_hover_background":"","ocean_menu_link_active_background":"","ocean_menu_social_links_bg":"","ocean_menu_social_hover_links_bg":"","ocean_menu_social_links_color":"","ocean_menu_social_hover_links_color":"","ocean_disable_title":"default","ocean_disable_heading":"default","ocean_post_title":"","ocean_post_subheading":"","ocean_post_title_style":"","ocean_post_title_background_color":"","ocean_post_title_background":0,"ocean_post_title_bg_image_position":"","ocean_post_title_bg_image_attachment":"","ocean_post_title_bg_image_repeat":"","ocean_post_title_bg_image_size":"","ocean_post_title_height":0,"ocean_post_title_bg_overlay":0.5,"ocean_post_title_bg_overlay_color":"","ocean_disable_breadcrumbs":"default","ocean_breadcrumbs_color":"","ocean_breadcrumbs_separator_color":"","ocean_breadcrumbs_links_color":"","ocean_breadcrumbs_links_hover_color":"","ocean_display_footer_widgets":"default","ocean_display_footer_bottom":"default","ocean_custom_footer_template":"0","footnotes":""},"class_list":["post-2660","page","type-page","status-publish","hentry","entry"],"_links":{"self":[{"href":"https:\/\/galdrasyning.is\/en\/wp-json\/wp\/v2\/pages\/2660","targetHints":{"allow":["GET"]}}],"collection":[{"href":"https:\/\/galdrasyning.is\/en\/wp-json\/wp\/v2\/pages"}],"about":[{"href":"https:\/\/galdrasyning.is\/en\/wp-json\/wp\/v2\/types\/page"}],"author":[{"embeddable":true,"href":"https:\/\/galdrasyning.is\/en\/wp-json\/wp\/v2\/users\/4"}],"replies":[{"embeddable":true,"href":"https:\/\/galdrasyning.is\/en\/wp-json\/wp\/v2\/comments?post=2660"}],"version-history":[{"count":302,"href":"https:\/\/galdrasyning.is\/en\/wp-json\/wp\/v2\/pages\/2660\/revisions"}],"predecessor-version":[{"id":11464,"href":"https:\/\/galdrasyning.is\/en\/wp-json\/wp\/v2\/pages\/2660\/revisions\/11464"}],"wp:attachment":[{"href":"https:\/\/galdrasyning.is\/en\/wp-json\/wp\/v2\/media?parent=2660"}],"curies":[{"name":"wp","href":"https:\/\/api.w.org\/{rel}","templated":true}]}}