{"id":2688,"date":"2021-01-15T13:49:16","date_gmt":"2021-01-15T13:49:16","guid":{"rendered":"https:\/\/galdrasyning.is\/?page_id=2688"},"modified":"2021-06-18T19:26:57","modified_gmt":"2021-06-18T19:26:57","slug":"thjodsagnapersonur","status":"publish","type":"page","link":"https:\/\/galdrasyning.is\/en\/thjodsagnapersonur\/","title":{"rendered":"Researchers"},"content":{"rendered":"<div data-elementor-type=\"wp-page\" data-elementor-id=\"2688\" class=\"elementor elementor-2688\">\n\t\t\t\t\t\t<section class=\"elementor-section elementor-top-section elementor-element elementor-element-3297c5e elementor-section-boxed elementor-section-height-default elementor-section-height-default\" data-id=\"3297c5e\" data-element_type=\"section\" data-e-type=\"section\" data-no-translation=\"\">\n\t\t\t\t\t\t<div class=\"elementor-container elementor-column-gap-default\">\n\t\t\t\t\t<div class=\"elementor-column elementor-col-100 elementor-top-column elementor-element elementor-element-064d03e\" data-id=\"064d03e\" data-element_type=\"column\" data-e-type=\"column\">\n\t\t\t<div class=\"elementor-widget-wrap elementor-element-populated\">\n\t\t\t\t\t\t<div class=\"elementor-element elementor-element-d6861dc elementor-widget elementor-widget-text-editor\" data-id=\"d6861dc\" data-element_type=\"widget\" data-e-type=\"widget\" data-widget_type=\"text-editor.default\">\n\t\t\t\t<div class=\"elementor-widget-container\">\n\t\t\t\t\t\t\t\t\t<h3><span style=\"font-weight: 400;\">Research and documentation:<\/span><\/h3>\n<ul>\n<li style=\"font-weight: 400;\" aria-level=\"1\"><span style=\"font-weight: 400;\">Bj\u00f6rk Bjarnad\u00f3ttir, ethnologist<\/span><\/li>\n<li style=\"font-weight: 400;\" aria-level=\"1\"><span style=\"font-weight: 400;\">J\u00f3n J\u00f3nsson, ethnologist<\/span><\/li>\n<li style=\"font-weight: 400;\" aria-level=\"1\"><span style=\"font-weight: 400;\">Magn\u00fas Rafnsson, historian<\/span><\/li>\n<li style=\"font-weight: 400;\" aria-level=\"1\"><span style=\"font-weight: 400;\">Rakel P\u00e1lsd\u00f3ttir, ethnologist<\/span><\/li>\n<li style=\"font-weight: 400;\" aria-level=\"1\"><span style=\"font-weight: 400;\">Sigur\u00f0ur Atlason, manager 2000-2018<\/span><\/li>\n<\/ul>\n<h3><span style=\"font-weight: 400;\">Other contributors:&nbsp;<\/span><\/h3>\n<ul>\n<li style=\"font-weight: 400;\" aria-level=\"1\"><span style=\"font-weight: 400;\">P\u00e9tur J\u00f3nsson, historian<\/span><\/li>\n<li style=\"font-weight: 400;\" aria-level=\"1\"><span style=\"font-weight: 400;\">Valdimar Tr. Hafstein, ethnologist<\/span><\/li>\n<\/ul>\t\t\t\t\t\t\t\t<\/div>\n\t\t\t\t<\/div>\n\t\t\t\t\t<\/div>\n\t\t<\/div>\n\t\t\t\t\t<\/div>\n\t\t<\/section>\n\t\t\t\t<\/div>","protected":false},"excerpt":{"rendered":"<p>Research and documentation: Bj\u00f6rk Bjarnad\u00f3ttir, ethnologist J\u00f3n J\u00f3nsson, ethnologist Magn\u00fas Rafnsson, historian Rakel P\u00e1lsd\u00f3ttir, ethnologist Sigur\u00f0ur Atlason, manager 2000-2018 Other contributors:&nbsp; P\u00e9tur J\u00f3nsson, historian Valdimar Tr. Hafstein, ethnologist Svanur \u00e1 Svansh\u00f3li Svanur \u00e1 Svansh\u00f3li er fyrsti nafntoga\u00f0i galdrama\u00f0urinn \u00e1 Str\u00f6ndum. Hans er geti\u00f0 \u00ed Landn\u00e1mu og er \u00fear sag\u00f0ur sonur Bj\u00f6rns, landn\u00e1msmanns \u00ed Bjarnarfir\u00f0i, og [&hellip;]<\/p>\n","protected":false},"author":4,"featured_media":0,"parent":0,"menu_order":0,"comment_status":"closed","ping_status":"closed","template":"","meta":{"_monsterinsights_skip_tracking":false,"_monsterinsights_sitenote_active":false,"_monsterinsights_sitenote_note":"","_monsterinsights_sitenote_category":0,"ocean_post_layout":"","ocean_both_sidebars_style":"","ocean_both_sidebars_content_width":0,"ocean_both_sidebars_sidebars_width":0,"ocean_sidebar":"0","ocean_second_sidebar":"0","ocean_disable_margins":"enable","ocean_add_body_class":"","ocean_shortcode_before_top_bar":"","ocean_shortcode_after_top_bar":"","ocean_shortcode_before_header":"","ocean_shortcode_after_header":"","ocean_has_shortcode":"","ocean_shortcode_after_title":"","ocean_shortcode_before_footer_widgets":"","ocean_shortcode_after_footer_widgets":"","ocean_shortcode_before_footer_bottom":"","ocean_shortcode_after_footer_bottom":"","ocean_display_top_bar":"default","ocean_display_header":"default","ocean_header_style":"","ocean_center_header_left_menu":"0","ocean_custom_header_template":"0","ocean_custom_logo":0,"ocean_custom_retina_logo":0,"ocean_custom_logo_max_width":0,"ocean_custom_logo_tablet_max_width":0,"ocean_custom_logo_mobile_max_width":0,"ocean_custom_logo_max_height":0,"ocean_custom_logo_tablet_max_height":0,"ocean_custom_logo_mobile_max_height":0,"ocean_header_custom_menu":"0","ocean_menu_typo_font_family":"0","ocean_menu_typo_font_subset":"","ocean_menu_typo_font_size":0,"ocean_menu_typo_font_size_tablet":0,"ocean_menu_typo_font_size_mobile":0,"ocean_menu_typo_font_size_unit":"px","ocean_menu_typo_font_weight":"","ocean_menu_typo_font_weight_tablet":"","ocean_menu_typo_font_weight_mobile":"","ocean_menu_typo_transform":"","ocean_menu_typo_transform_tablet":"","ocean_menu_typo_transform_mobile":"","ocean_menu_typo_line_height":0,"ocean_menu_typo_line_height_tablet":0,"ocean_menu_typo_line_height_mobile":0,"ocean_menu_typo_line_height_unit":"","ocean_menu_typo_spacing":0,"ocean_menu_typo_spacing_tablet":0,"ocean_menu_typo_spacing_mobile":0,"ocean_menu_typo_spacing_unit":"","ocean_menu_link_color":"","ocean_menu_link_color_hover":"","ocean_menu_link_color_active":"","ocean_menu_link_background":"","ocean_menu_link_hover_background":"","ocean_menu_link_active_background":"","ocean_menu_social_links_bg":"","ocean_menu_social_hover_links_bg":"","ocean_menu_social_links_color":"","ocean_menu_social_hover_links_color":"","ocean_disable_title":"default","ocean_disable_heading":"default","ocean_post_title":"","ocean_post_subheading":"","ocean_post_title_style":"","ocean_post_title_background_color":"","ocean_post_title_background":0,"ocean_post_title_bg_image_position":"","ocean_post_title_bg_image_attachment":"","ocean_post_title_bg_image_repeat":"","ocean_post_title_bg_image_size":"","ocean_post_title_height":0,"ocean_post_title_bg_overlay":0.5,"ocean_post_title_bg_overlay_color":"","ocean_disable_breadcrumbs":"default","ocean_breadcrumbs_color":"","ocean_breadcrumbs_separator_color":"","ocean_breadcrumbs_links_color":"","ocean_breadcrumbs_links_hover_color":"","ocean_display_footer_widgets":"default","ocean_display_footer_bottom":"default","ocean_custom_footer_template":"0","footnotes":""},"class_list":["post-2688","page","type-page","status-publish","hentry","entry"],"_links":{"self":[{"href":"https:\/\/galdrasyning.is\/en\/wp-json\/wp\/v2\/pages\/2688","targetHints":{"allow":["GET"]}}],"collection":[{"href":"https:\/\/galdrasyning.is\/en\/wp-json\/wp\/v2\/pages"}],"about":[{"href":"https:\/\/galdrasyning.is\/en\/wp-json\/wp\/v2\/types\/page"}],"author":[{"embeddable":true,"href":"https:\/\/galdrasyning.is\/en\/wp-json\/wp\/v2\/users\/4"}],"replies":[{"embeddable":true,"href":"https:\/\/galdrasyning.is\/en\/wp-json\/wp\/v2\/comments?post=2688"}],"version-history":[{"count":55,"href":"https:\/\/galdrasyning.is\/en\/wp-json\/wp\/v2\/pages\/2688\/revisions"}],"predecessor-version":[{"id":11522,"href":"https:\/\/galdrasyning.is\/en\/wp-json\/wp\/v2\/pages\/2688\/revisions\/11522"}],"wp:attachment":[{"href":"https:\/\/galdrasyning.is\/en\/wp-json\/wp\/v2\/media?parent=2688"}],"curies":[{"name":"wp","href":"https:\/\/api.w.org\/{rel}","templated":true}]}}