{"id":482,"date":"2020-05-13T14:35:33","date_gmt":"2020-05-13T14:35:33","guid":{"rendered":"https:\/\/galdrasyning.is\/?page_id=482"},"modified":"2020-09-29T14:41:21","modified_gmt":"2020-09-29T14:41:21","slug":"sorcery-in-trekyllisvik","status":"publish","type":"page","link":"https:\/\/galdrasyning.is\/en\/sorcery-in-trekyllisvik\/","title":{"rendered":"Sorcery in Tr\u00e9kyllisv\u00edk"},"content":{"rendered":"\n<p>Nobody has put forward a convincing theory of what happened in Tr\u00e9kyllisv\u00edk, the northernmost community of Strandir, but the strange occurrences seem to have started in 1652 and continued on throughout the 17th century. In the words of one annal:<\/p>\n\n\n\n<p>&#8222;That autumn [1652] an evil spirit or a ghost caused disturbances in Tr\u00e9kyllisv\u00edk. Often during the same day and especially in the church, the spirit would suddenly go down people&#8217;s throats causing belching and a feeling of overfill, but afterward they felt nothing. Virgins were more prone to this sickness than others.&#8220;<\/p>\n\n\n\n<div class=\"wp-block-image\"><figure class=\"alignright\"><img decoding=\"async\" src=\"https:\/\/web.archive.org\/web\/20060710165927im_\/http:\/\/www.vestfirdir.is\/galdrasyning\/images\/kistan.jpg\" alt=\"Where the executions took place in Tr\u00e9kyllisv\u00edk\"\/><\/figure><\/div>\n\n\n\n<p>When the two-county sheriffs arrived it was soon revealed that the community suspected a certain \u00de\u00f3r\u00f0ur Gu\u00f0brandsson. After repeated hearings, he admitted that he had met the devil in the form of a fox and had sent it to Tr\u00e9kyllisv\u00edk. During the proceedings, the sheriffs heard that two other men, Egill Bjarnason and Gr\u00edmur J\u00f3nsson, were rumored to be sorcerers. After some time in custody, they both admitted having practiced forbidden magic. All three were burnt in September 1656.<\/p>\n\n\n\n<p>In spite of the executions, the belching and fainting fits in and around the church continued, and in 1670 two inhabitants of the community were whipped harshly, first at the general assembly at \u00deingvellir and again in Tr\u00e9kyllisv\u00edk, though no charges against them could be proved and they denied all knowledge of magic. Reports continued of the same disturbances until the last decade of the 17th century when harsh weather and a famine pushed any other concerns out of people&#8217;s minds.<\/p>\n","protected":false},"excerpt":{"rendered":"<p>Nobody has put forward a convincing theory of what happened in Tr\u00e9kyllisv\u00edk, the northernmost community of Strandir, but the strange occurrences seem to have started in 1652 and continued on throughout the 17th century. In the words of one annal: &#8222;That autumn [1652] an evil spirit or a ghost caused disturbances in Tr\u00e9kyllisv\u00edk. Often during [&hellip;]<\/p>\n","protected":false},"author":1,"featured_media":0,"parent":0,"menu_order":0,"comment_status":"closed","ping_status":"closed","template":"","meta":{"_monsterinsights_skip_tracking":false,"_monsterinsights_sitenote_active":false,"_monsterinsights_sitenote_note":"","_monsterinsights_sitenote_category":0,"ocean_post_layout":"","ocean_both_sidebars_style":"","ocean_both_sidebars_content_width":0,"ocean_both_sidebars_sidebars_width":0,"ocean_sidebar":"","ocean_second_sidebar":"","ocean_disable_margins":"enable","ocean_add_body_class":"","ocean_shortcode_before_top_bar":"","ocean_shortcode_after_top_bar":"","ocean_shortcode_before_header":"","ocean_shortcode_after_header":"","ocean_has_shortcode":"","ocean_shortcode_after_title":"","ocean_shortcode_before_footer_widgets":"","ocean_shortcode_after_footer_widgets":"","ocean_shortcode_before_footer_bottom":"","ocean_shortcode_after_footer_bottom":"","ocean_display_top_bar":"default","ocean_display_header":"default","ocean_header_style":"","ocean_center_header_left_menu":"","ocean_custom_header_template":"","ocean_custom_logo":0,"ocean_custom_retina_logo":0,"ocean_custom_logo_max_width":0,"ocean_custom_logo_tablet_max_width":0,"ocean_custom_logo_mobile_max_width":0,"ocean_custom_logo_max_height":0,"ocean_custom_logo_tablet_max_height":0,"ocean_custom_logo_mobile_max_height":0,"ocean_header_custom_menu":"","ocean_menu_typo_font_family":"","ocean_menu_typo_font_subset":"","ocean_menu_typo_font_size":0,"ocean_menu_typo_font_size_tablet":0,"ocean_menu_typo_font_size_mobile":0,"ocean_menu_typo_font_size_unit":"px","ocean_menu_typo_font_weight":"","ocean_menu_typo_font_weight_tablet":"","ocean_menu_typo_font_weight_mobile":"","ocean_menu_typo_transform":"","ocean_menu_typo_transform_tablet":"","ocean_menu_typo_transform_mobile":"","ocean_menu_typo_line_height":0,"ocean_menu_typo_line_height_tablet":0,"ocean_menu_typo_line_height_mobile":0,"ocean_menu_typo_line_height_unit":"","ocean_menu_typo_spacing":0,"ocean_menu_typo_spacing_tablet":0,"ocean_menu_typo_spacing_mobile":0,"ocean_menu_typo_spacing_unit":"","ocean_menu_link_color":"","ocean_menu_link_color_hover":"","ocean_menu_link_color_active":"","ocean_menu_link_background":"","ocean_menu_link_hover_background":"","ocean_menu_link_active_background":"","ocean_menu_social_links_bg":"","ocean_menu_social_hover_links_bg":"","ocean_menu_social_links_color":"","ocean_menu_social_hover_links_color":"","ocean_disable_title":"default","ocean_disable_heading":"default","ocean_post_title":"","ocean_post_subheading":"","ocean_post_title_style":"","ocean_post_title_background_color":"","ocean_post_title_background":0,"ocean_post_title_bg_image_position":"","ocean_post_title_bg_image_attachment":"","ocean_post_title_bg_image_repeat":"","ocean_post_title_bg_image_size":"","ocean_post_title_height":0,"ocean_post_title_bg_overlay":0.5,"ocean_post_title_bg_overlay_color":"","ocean_disable_breadcrumbs":"default","ocean_breadcrumbs_color":"","ocean_breadcrumbs_separator_color":"","ocean_breadcrumbs_links_color":"","ocean_breadcrumbs_links_hover_color":"","ocean_display_footer_widgets":"default","ocean_display_footer_bottom":"default","ocean_custom_footer_template":"","footnotes":""},"class_list":["post-482","page","type-page","status-publish","hentry","entry"],"_links":{"self":[{"href":"https:\/\/galdrasyning.is\/en\/wp-json\/wp\/v2\/pages\/482","targetHints":{"allow":["GET"]}}],"collection":[{"href":"https:\/\/galdrasyning.is\/en\/wp-json\/wp\/v2\/pages"}],"about":[{"href":"https:\/\/galdrasyning.is\/en\/wp-json\/wp\/v2\/types\/page"}],"author":[{"embeddable":true,"href":"https:\/\/galdrasyning.is\/en\/wp-json\/wp\/v2\/users\/1"}],"replies":[{"embeddable":true,"href":"https:\/\/galdrasyning.is\/en\/wp-json\/wp\/v2\/comments?post=482"}],"version-history":[{"count":1,"href":"https:\/\/galdrasyning.is\/en\/wp-json\/wp\/v2\/pages\/482\/revisions"}],"predecessor-version":[{"id":483,"href":"https:\/\/galdrasyning.is\/en\/wp-json\/wp\/v2\/pages\/482\/revisions\/483"}],"wp:attachment":[{"href":"https:\/\/galdrasyning.is\/en\/wp-json\/wp\/v2\/media?parent=482"}],"curies":[{"name":"wp","href":"https:\/\/api.w.org\/{rel}","templated":true}]}}